{"id":107,"date":"2013-10-19T15:41:14","date_gmt":"2013-10-19T15:41:14","guid":{"rendered":"http:\/\/hisa-kras.com\/nova\/?page_id=107"},"modified":"2013-10-19T15:41:14","modified_gmt":"2013-10-19T15:41:14","slug":"wegbeschreobung","status":"publish","type":"page","link":"https:\/\/hisa-kras.com\/de\/wegbeschreobung\/","title":{"rendered":"Wegbeschreobung"},"content":{"rendered":"<p>Von Ljubljana brauchen sie zirka eine Stunde Fahrt:<\/p>\n<p>&#8211; fahren Sie auf der Autobahn bis Ferneti\u010di bei Se\u017eana und danach weiter Richtung Venezia, bis zur Ausfahrt Monfalcone (Tr\u017ei\u010d), fahren Sie weiter Richtung Gorizia (Gorica). Im Dorf Jamiano (Jamlje) fahren Sie \u00fcber die Staatsgrenze und kommen in Brestovica, von da aus fahren Sienoch zirka ein Kilometer bis zu uns (Sela na Krasu).<br \/>\nODER<br \/>\n&#8211; Auf der Autobahn fahren Sie bis zur Ausfahrt Se\u017eana, danach Richtung Dutovlje bis zu Komen, dann weiter Richtung Voj\u0161\u010dica und von da aus 4 km bis zu Sela na Krasu.<br \/>\nODER<br \/>\n&#8211; fahren Sie auf der Autobahn bis zu \u0160empeter pri Gorici, danach auf der Nahverkehrsstra\u00dfe richtung Miren, Opatje selo, nach 2 km folgen Sie den Wegweisern und biegen Sie rechts ab Richtung Hudi log, Korita, Sela na Krasu.<\/p>\n<p>In Sela na Krasu angekommen, werden Sie uns schnell finden. Wir sind am Fu\u00dfe der Hochebene. Wenn Sie das Meer sehen, suchen Sie das Haus mit der Nummer 49A, gleich an der Stra\u00dfe.<\/p>\n<p><iframe loading=\"lazy\" src=\"http:\/\/maps.google.com\/maps?q=45.819551,13.617918&amp;num=1&amp;t=h&amp;ie=UTF8&amp;ll=45.819633,13.617618&amp;spn=0.002251,0.004823&amp;z=16&amp;output=embed\" height=\"350\" width=\"600\" frameborder=\"0\" marginwidth=\"0\" marginheight=\"0\" scrolling=\"no\"><\/iframe><br \/>\n<span style=\"font-size: 11px;\"><br \/>\n<\/span><\/p>\n","protected":false},"excerpt":{"rendered":"<p>Von Ljubljana brauchen sie zirka eine Stunde Fahrt: &#8211; fahren Sie auf der Autobahn bis Ferneti\u010di bei Se\u017eana und danach weiter Richtung Venezia, bis zur Ausfahrt Monfalcone (Tr\u017ei\u010d), fahren Sie weiter Richtung Gorizia (Gorica). Im Dorf Jamiano (Jamlje) fahren Sie \u00fcber die Staatsgrenze und kommen in Brestovica, von da aus fahren Sienoch zirka ein Kilometer [&hellip;]<\/p>\n","protected":false},"author":1,"featured_media":0,"parent":0,"menu_order":0,"comment_status":"closed","ping_status":"open","template":"","meta":{"ngg_post_thumbnail":0,"footnotes":""},"class_list":["post-107","page","type-page","status-publish","hentry"],"_links":{"self":[{"href":"https:\/\/hisa-kras.com\/de\/wp-json\/wp\/v2\/pages\/107","targetHints":{"allow":["GET"]}}],"collection":[{"href":"https:\/\/hisa-kras.com\/de\/wp-json\/wp\/v2\/pages"}],"about":[{"href":"https:\/\/hisa-kras.com\/de\/wp-json\/wp\/v2\/types\/page"}],"author":[{"embeddable":true,"href":"https:\/\/hisa-kras.com\/de\/wp-json\/wp\/v2\/users\/1"}],"replies":[{"embeddable":true,"href":"https:\/\/hisa-kras.com\/de\/wp-json\/wp\/v2\/comments?post=107"}],"version-history":[{"count":1,"href":"https:\/\/hisa-kras.com\/de\/wp-json\/wp\/v2\/pages\/107\/revisions"}],"predecessor-version":[{"id":108,"href":"https:\/\/hisa-kras.com\/de\/wp-json\/wp\/v2\/pages\/107\/revisions\/108"}],"wp:attachment":[{"href":"https:\/\/hisa-kras.com\/de\/wp-json\/wp\/v2\/media?parent=107"}],"curies":[{"name":"wp","href":"https:\/\/api.w.org\/{rel}","templated":true}]}}