{"id":251,"date":"2014-06-23T16:48:04","date_gmt":"2014-06-23T16:48:04","guid":{"rendered":"http:\/\/hisa-kras.com\/?page_id=251"},"modified":"2024-12-03T10:01:55","modified_gmt":"2024-12-03T10:01:55","slug":"welcome-2","status":"publish","type":"page","link":"https:\/\/hisa-kras.com\/hu3\/","title":{"rendered":"\u00dcdv\u00f6z\u00f6lj\u00fck"},"content":{"rendered":"<p>Az idillikus Karszt-hegys\u00e9gbeli Sela na Krasu faluban &#8211; a Karszt-fenns\u00edk sz\u00e9l\u00e9n, k\u00f6zvetlen\u00fcl Olaszorsz\u00e1g mellett tal\u00e1lhat\u00f3 a csod\u00e1latos h\u00e9tv\u00e9gi h\u00e1zunk, ami felejthetetlen panor\u00e1m\u00e1t ny\u00fajt az idel\u00e1togat\u00f3knak a Trieszti-\u00f6b\u00f6lre. Ebben a l\u00e1tsz\u00f3lag t\u00e1voli faluban b\u00e9k\u00e9t \u00e9s csod\u00e1s karsztos t\u00e1jat lel az utaz\u00f3, a k\u00f6rny\u00e9k sz\u00e1mos lehet\u0151s\u00e9get ny\u00fajt a szabadid\u0151 elt\u00f6lt\u00e9s\u00e9re.<br \/>\nngg_shortcode_0_placeholder\n<h2 align=\"center\"><span style=\"color: #ff6600;\"><em>\u00dcdv\u00f6z\u00f6lj\u00fck!<\/em><\/span><\/h2>\n<p><center><br \/>\n<iframe loading=\"lazy\" src=\"https:\/\/www.youtube.com\/embed\/6zgXblscd5U?controls=0\" width=\"560\" height=\"315\" frameborder=\"0\" allowfullscreen=\"allowfullscreen\"><\/iframe><br \/>\n<iframe loading=\"lazy\" src=\"\/\/www.youtube.com\/embed\/wv6Jpj6fj30?rel=0&amp;autohide=1\" width=\"330\" height=\"186\" frameborder=\"0\" allowfullscreen=\"allowfullscreen\"><\/iframe> <iframe loading=\"lazy\" src=\"\/\/www.youtube.com\/embed\/mQE_1m9m14U?rel=0&amp;autohide=1\" width=\"330\" height=\"186\" frameborder=\"0\" allowfullscreen=\"allowfullscreen\"><\/iframe><iframe loading=\"lazy\" src=\"\/\/www.youtube.com\/embed\/Qwwfwhg-mG0?rel=0&amp;autohide=1\" width=\"330\" height=\"186\" frameborder=\"0\" allowfullscreen=\"allowfullscreen\"><\/iframe> <iframe loading=\"lazy\" src=\"\/\/www.youtube.com\/embed\/kjZ0bQQLhCo?rel=0&amp;autohide=1\" width=\"330\" height=\"186\" frameborder=\"0\" allowfullscreen=\"allowfullscreen\"><\/iframe><br \/>\n<iframe loading=\"lazy\" src=\"\/\/www.youtube.com\/embed\/JQStDqAPKfg?rel=0;autohide=1\" width=\"225\" height=\"127\" frameborder=\"0\" allowfullscreen=\"allowfullscreen\"><\/iframe> <iframe loading=\"lazy\" src=\"\/\/www.youtube.com\/embed\/YI2mGngYRLg?rel=0;autohide=1\" width=\"225\" height=\"127\" frameborder=\"0\" allowfullscreen=\"allowfullscreen\"><\/iframe> <iframe loading=\"lazy\" src=\"\/\/www.youtube.com\/embed\/75eDNZJJBYU?rel=0;autohide=1\" width=\"225\" height=\"127\" frameborder=\"0\" allowfullscreen=\"allowfullscreen\"><\/iframe><\/center><\/p>\n","protected":false},"excerpt":{"rendered":"<p>Az idillikus Karszt-hegys\u00e9gbeli Sela na Krasu faluban &#8211; a Karszt-fenns\u00edk sz\u00e9l\u00e9n, k\u00f6zvetlen\u00fcl Olaszorsz\u00e1g mellett tal\u00e1lhat\u00f3 a csod\u00e1latos h\u00e9tv\u00e9gi h\u00e1zunk, ami felejthetetlen panor\u00e1m\u00e1t ny\u00fajt az idel\u00e1togat\u00f3knak a Trieszti-\u00f6b\u00f6lre. Ebben a l\u00e1tsz\u00f3lag t\u00e1voli faluban b\u00e9k\u00e9t \u00e9s csod\u00e1s karsztos t\u00e1jat lel az utaz\u00f3, a k\u00f6rny\u00e9k sz\u00e1mos lehet\u0151s\u00e9get ny\u00fajt a szabadid\u0151 elt\u00f6lt\u00e9s\u00e9re. \u00dcdv\u00f6z\u00f6lj\u00fck!<\/p>\n","protected":false},"author":1,"featured_media":0,"parent":0,"menu_order":0,"comment_status":"closed","ping_status":"open","template":"","meta":{"ngg_post_thumbnail":0,"footnotes":""},"class_list":["post-251","page","type-page","status-publish","hentry"],"_links":{"self":[{"href":"https:\/\/hisa-kras.com\/hu3\/wp-json\/wp\/v2\/pages\/251","targetHints":{"allow":["GET"]}}],"collection":[{"href":"https:\/\/hisa-kras.com\/hu3\/wp-json\/wp\/v2\/pages"}],"about":[{"href":"https:\/\/hisa-kras.com\/hu3\/wp-json\/wp\/v2\/types\/page"}],"author":[{"embeddable":true,"href":"https:\/\/hisa-kras.com\/hu3\/wp-json\/wp\/v2\/users\/1"}],"replies":[{"embeddable":true,"href":"https:\/\/hisa-kras.com\/hu3\/wp-json\/wp\/v2\/comments?post=251"}],"version-history":[{"count":7,"href":"https:\/\/hisa-kras.com\/hu3\/wp-json\/wp\/v2\/pages\/251\/revisions"}],"predecessor-version":[{"id":581,"href":"https:\/\/hisa-kras.com\/hu3\/wp-json\/wp\/v2\/pages\/251\/revisions\/581"}],"wp:attachment":[{"href":"https:\/\/hisa-kras.com\/hu3\/wp-json\/wp\/v2\/media?parent=251"}],"curies":[{"name":"wp","href":"https:\/\/api.w.org\/{rel}","templated":true}]}}