{"id":259,"date":"2014-06-23T17:05:12","date_gmt":"2014-06-23T17:05:12","guid":{"rendered":"http:\/\/hisa-kras.com\/?page_id=259"},"modified":"2026-01-06T12:05:33","modified_gmt":"2026-01-06T12:05:33","slug":"arak","status":"publish","type":"page","link":"https:\/\/hisa-kras.com\/hu3\/arak\/","title":{"rendered":"\u00c1rak"},"content":{"rendered":"<table style=\"border: 1px solid #f1f1f1; margin-bottom: 20px;\" border=\"1\" width=\"100%\" cellspacing=\"0\" cellpadding=\"8\">\n<tbody>\n<tr>\n<td style=\"background: #FFFFCC;\" align=\"center\" bgcolor=\"#FFFFCC\" width=\"199\"><strong>szem\u00e9lyek sz\u00e1ma<\/strong><\/td>\n<td style=\"background: #FFFFCC;\" bgcolor=\"#FFFFCC\">\n<p align=\"center\"><strong>EUR\/nap<\/strong><\/p>\n<\/td>\n<\/tr>\n<tr>\n<td align=\"center\" bgcolor=\"#FFFFCC\" width=\"199\" height=\"20\">1-2<\/td>\n<td align=\"center\" bgcolor=\"#FFFFFF\" height=\"20\">100,00<\/td>\n<\/tr>\n<tr style=\"background: #F1F1F1;\">\n<td align=\"center\" bgcolor=\"#FFFFCC\" width=\"199\" height=\"20\">3<\/td>\n<td align=\"center\" bgcolor=\"#FFFFFF\" height=\"20\">120,00<\/td>\n<\/tr>\n<tr>\n<td align=\"center\" bgcolor=\"#FFFFCC\" width=\"199\" height=\"20\">4<\/td>\n<td align=\"center\" bgcolor=\"#FFFFFF\" height=\"20\">140,00<\/td>\n<\/tr>\n<tr style=\"background: #F1F1F1;\">\n<td align=\"center\" bgcolor=\"#FFFFCC\" width=\"199\" height=\"20\">5<\/td>\n<td align=\"center\" bgcolor=\"#FFFFFF\" height=\"20\">160,00<\/td>\n<\/tr>\n<tr>\n<td align=\"center\" bgcolor=\"#FFFFCC\" width=\"199\" height=\"20\">6<\/td>\n<td align=\"center\" bgcolor=\"#FFFFFF\" height=\"20\">180,00<\/td>\n<\/tr>\n<\/tbody>\n<\/table>\n<div><em>7 \u00e9jszak\u00e1n\u00e1l hosszabb tart\u00f3zkod\u00e1s eset\u00e9n <strong>10% kedvezm\u00e9nyt k\u00edn\u00e1lunk.<\/strong><\/em><\/div>\n<p>&nbsp;<br \/>\n<strong>Az \u00e1r tartalmazza:<\/strong>&nbsp;\u00e1gynem\u00fa, t\u00f6r\u00fclk\u00f6z\u0151 \u00e9s v\u00e9gs\u0151 takar\u00edt\u00e1s<\/p>\n<p>Az \u00e1r nem tartalmazza az idegenforgalmi ad\u00f3t.<\/p>\n<p><strong>h\u00e1zi \u00e1llatok:<\/strong> 10 EUR\/nap<\/p>\n<p style=\"text-align: center;\">Az \u00e1rak 2026.03.15-t\u0151l 2026.11.15-ig \u00e9rv\u00e9nyesek.<\/p>\n","protected":false},"excerpt":{"rendered":"<p>szem\u00e9lyek sz\u00e1ma EUR\/nap 1-2 100,00 3 120,00 4 140,00 5 160,00 6 180,00 7 \u00e9jszak\u00e1n\u00e1l hosszabb tart\u00f3zkod\u00e1s eset\u00e9n 10% kedvezm\u00e9nyt k\u00edn\u00e1lunk. &nbsp; Az \u00e1r tartalmazza:&nbsp;\u00e1gynem\u00fa, t\u00f6r\u00fclk\u00f6z\u0151 \u00e9s v\u00e9gs\u0151 takar\u00edt\u00e1s Az \u00e1r nem tartalmazza az idegenforgalmi ad\u00f3t. h\u00e1zi \u00e1llatok: 10 EUR\/nap Az \u00e1rak 2026.03.15-t\u0151l 2026.11.15-ig \u00e9rv\u00e9nyesek.<\/p>\n","protected":false},"author":1,"featured_media":0,"parent":0,"menu_order":0,"comment_status":"closed","ping_status":"open","template":"","meta":{"ngg_post_thumbnail":0,"footnotes":""},"class_list":["post-259","page","type-page","status-publish","hentry"],"_links":{"self":[{"href":"https:\/\/hisa-kras.com\/hu3\/wp-json\/wp\/v2\/pages\/259","targetHints":{"allow":["GET"]}}],"collection":[{"href":"https:\/\/hisa-kras.com\/hu3\/wp-json\/wp\/v2\/pages"}],"about":[{"href":"https:\/\/hisa-kras.com\/hu3\/wp-json\/wp\/v2\/types\/page"}],"author":[{"embeddable":true,"href":"https:\/\/hisa-kras.com\/hu3\/wp-json\/wp\/v2\/users\/1"}],"replies":[{"embeddable":true,"href":"https:\/\/hisa-kras.com\/hu3\/wp-json\/wp\/v2\/comments?post=259"}],"version-history":[{"count":10,"href":"https:\/\/hisa-kras.com\/hu3\/wp-json\/wp\/v2\/pages\/259\/revisions"}],"predecessor-version":[{"id":603,"href":"https:\/\/hisa-kras.com\/hu3\/wp-json\/wp\/v2\/pages\/259\/revisions\/603"}],"wp:attachment":[{"href":"https:\/\/hisa-kras.com\/hu3\/wp-json\/wp\/v2\/media?parent=259"}],"curies":[{"name":"wp","href":"https:\/\/api.w.org\/{rel}","templated":true}]}}